{"id":2136,"date":"2019-03-06T09:31:40","date_gmt":"2019-03-06T09:31:40","guid":{"rendered":"https:\/\/www.apartments-vrenjak.com\/app3\/"},"modified":"2021-05-04T11:48:21","modified_gmt":"2021-05-04T10:48:21","slug":"app3","status":"publish","type":"page","link":"https:\/\/www.apartments-vrenjak.com\/de\/app3\/","title":{"rendered":"Appartement 3"},"content":{"rendered":"<p>[vc_row css_animation=&#8220;&#8220; row_type=&#8220;row&#8220; use_row_as_full_screen_section=&#8220;no&#8220; type=&#8220;grid&#8220; angled_section=&#8220;no&#8220; text_align=&#8220;left&#8220; background_image_as_pattern=&#8220;without_pattern&#8220; padding_top=&#8220;80&#8243; padding_bottom=&#8220;40&#8243; z_index=&#8220;&#8220;][vc_column width=&#8220;2\/3&#8243;][vc_column_text]<\/p>\n<h1>APPARTEMENT\u00a03<\/h1>\n<p>[\/vc_column_text][vc_separator type=&#8220;small&#8220; position=&#8220;left&#8220; color=&#8220;#d8318a&#8220; thickness=&#8220;2&#8243; width=&#8220;100&#8243; up=&#8220;50&#8243; down=&#8220;50&#8243;][vc_column_text]<strong>Appartement\u00a0mit 2 Schlafzimmern und Balkon<\/strong><\/p>\n<p>&nbsp;<\/p>\n<p><strong>Gr\u00f6\u00dfe<\/strong>: 55m2, es ist im Stock.<\/p>\n<p><strong>Bett<\/strong>: 180 \u00d7 200 cm<\/p>\n<p><strong>Maximale Belegung<\/strong>: 4 Erwachsene (Kinder unter 3 Jahren k\u00f6nnen kostenlos das Babybett benutzen)<\/p>\n<p>&nbsp;<\/p>\n<p>Das Apartment verf\u00fcgt \u00fcber eine gro\u00dfe Terrasse mit Meerblick, einen Flachbild-Kabel-TV, eine voll ausgestattete K\u00fcche, ein Bad mit Dusche, eine Klimaanlage und eine Zentralheizung. Kostenloses Internet und kostenfreie Parkpl\u00e4tze befinden sich in der N\u00e4he.<\/p>\n<p>&nbsp;<\/p>\n<p><strong>Kostenlos und auf Anfrage<\/strong>: Babybett mit Bettw\u00e4sche inklusive.<\/p>\n<p><strong>Check-in<\/strong>: 13:00 Uhr<\/p>\n<p><strong>Check-Out<\/strong>: 10:00 Uhr<\/p>\n<p><strong>Bezahlung<\/strong>: bar oder mit Kreditkarte<\/p>\n<p>Das Rauchen in der Wohnung ist verboten und Haustiere sind nicht gestattet.[\/vc_column_text][vc_separator type=&#8220;transparent&#8220; up=&#8220;30&#8243;][vc_gallery type=&#8220;image_grid&#8220; images=&#8220;2169,2141,2165,2153,2149,2157,2173,2145&#8243; img_size=&#8220;500&#215;400&#8243; column_number=&#8220;4&#8243; grayscale=&#8220;no&#8220; images_space=&#8220;gallery_without_space&#8220;][vc_separator type=&#8220;transparent&#8220; up=&#8220;40&#8243;][vc_column_text]<\/p>\n<h6>WOHNUNGSAUSR\u00dcSTUNG<\/h6>\n<p>[\/vc_column_text][vc_separator type=&#8220;transparent&#8220; up=&#8220;30&#8243;][vc_row_inner row_type=&#8220;row&#8220; type=&#8220;full_width&#8220; text_align=&#8220;left&#8220; css_animation=&#8220;&#8220;][vc_column_inner width=&#8220;1\/2&#8243;][vc_column_text]<\/p>\n<p><strong>K\u00dcCHE<\/strong><\/p>\n<ul>\n<li>Kaffeemaschine<\/li>\n<li>Grill<\/li>\n<li>K\u00fchlschrank mit Truhe<\/li>\n<li>Wasserkocher<\/li>\n<li>Ofen<\/li>\n<li>Herd<\/li>\n<li>Sp\u00fclmaschine<\/li>\n<li>Reinigungsmittel<\/li>\n<li>Besteck<\/li>\n<li>Geschirr<\/li>\n<li>Gl\u00e4ser f\u00fcr Wein<\/li>\n<li>M\u00fclltonnen<\/li>\n<\/ul>\n<p>&nbsp;<\/p>\n<p><strong>WOHNZIMMER<\/strong><\/p>\n<ul>\n<li>Flachbildfernseher<\/li>\n<li>Sofa<\/li>\n<\/ul>\n<p>[\/vc_column_text][vc_separator type=&#8220;transparent&#8220; up=&#8220;20&#8243;][\/vc_column_inner][vc_column_inner width=&#8220;1\/2&#8243;][vc_column_text]<strong>BADEZIMMER<\/strong><\/p>\n<ul>\n<li>Handt\u00fccher<\/li>\n<li>F\u00f6hn<\/li>\n<li>Toilettenpapier<\/li>\n<li>K\u00f6rpergel<\/li>\n<\/ul>\n<p>&nbsp;<\/p>\n<p><strong>ZIMMER<\/strong><\/p>\n<ul>\n<li>Bettw\u00e4sche<\/li>\n<li>Schlie\u00dffach f\u00fcr Kleidung<\/li>\n<li>Spiegeln<\/li>\n<\/ul>\n<p>&nbsp;<\/p>\n<p><strong>ANDERE<\/strong><\/p>\n<ul>\n<li>B\u00fcgeleisen<\/li>\n<li>B\u00fcgelausr\u00fcstung<\/li>\n<li>Kleiderb\u00fcgel<\/li>\n<li>Tischspiele<\/li>\n<\/ul>\n<p>[\/vc_column_text][\/vc_column_inner][\/vc_row_inner][vc_separator type=&#8220;transparent&#8220; up=&#8220;40&#8243;][\/vc_column][vc_column width=&#8220;1\/3&#8243;][vc_raw_html]JTNDc2NyaXB0JTIwc3JjJTNEJTIyJTJGJTJGd3d3LmJlbnRyYWwuY29tJTJGc2VydmljZSUyRmVtYmVkJTJGYm9va2luZy5qcyUzRmlkJTNENzc1NDZiNGUlMjZ1bml0JTNENWY2YTU1Nzc0ZDY3NWY0ZCUyNmxhbmclM0RkZSUyNmtleSUzRDRkNGQ2MjRhMWEwMzIyZDQ2YWY1ODcxZjhmZTlhZjAyJTIyJTNFJTNDJTJGc2NyaXB0JTNF[\/vc_raw_html][\/vc_column][\/vc_row]<\/p>\n","protected":false},"excerpt":{"rendered":"<p>[vc_row css_animation=&#8220;&#8220; row_type=&#8220;row&#8220; use_row_as_full_screen_section=&#8220;no&#8220; type=&#8220;grid&#8220; angled_section=&#8220;no&#8220; text_align=&#8220;left&#8220; background_image_as_pattern=&#8220;without_pattern&#8220; padding_top=&#8220;80&#8243; padding_bottom=&#8220;40&#8243; z_index=&#8220;&#8220;][vc_column width=&#8220;2\/3&#8243;][vc_column_text] APPARTEMENT\u00a03 [\/vc_column_text][vc_separator type=&#8220;small&#8220; position=&#8220;left&#8220; color=&#8220;#d8318a&#8220; thickness=&#8220;2&#8243; width=&#8220;100&#8243; up=&#8220;50&#8243; down=&#8220;50&#8243;][vc_column_text]Appartement\u00a0mit 2 Schlafzimmern und Balkon &nbsp; Gr\u00f6\u00dfe: 55m2, es ist im Stock. Bett: 180 \u00d7 200 cm Maximale Belegung: 4 Erwachsene (Kinder unter 3 Jahren<\/p>\n","protected":false},"author":1,"featured_media":0,"parent":0,"menu_order":0,"comment_status":"closed","ping_status":"closed","template":"full_width.php","meta":[],"_links":{"self":[{"href":"https:\/\/www.apartments-vrenjak.com\/de\/wp-json\/wp\/v2\/pages\/2136"}],"collection":[{"href":"https:\/\/www.apartments-vrenjak.com\/de\/wp-json\/wp\/v2\/pages"}],"about":[{"href":"https:\/\/www.apartments-vrenjak.com\/de\/wp-json\/wp\/v2\/types\/page"}],"author":[{"embeddable":true,"href":"https:\/\/www.apartments-vrenjak.com\/de\/wp-json\/wp\/v2\/users\/1"}],"replies":[{"embeddable":true,"href":"https:\/\/www.apartments-vrenjak.com\/de\/wp-json\/wp\/v2\/comments?post=2136"}],"version-history":[{"count":4,"href":"https:\/\/www.apartments-vrenjak.com\/de\/wp-json\/wp\/v2\/pages\/2136\/revisions"}],"predecessor-version":[{"id":2183,"href":"https:\/\/www.apartments-vrenjak.com\/de\/wp-json\/wp\/v2\/pages\/2136\/revisions\/2183"}],"wp:attachment":[{"href":"https:\/\/www.apartments-vrenjak.com\/de\/wp-json\/wp\/v2\/media?parent=2136"}],"curies":[{"name":"wp","href":"https:\/\/api.w.org\/{rel}","templated":true}]}}