{"id":2132,"date":"2019-03-06T12:08:52","date_gmt":"2019-03-06T11:08:52","guid":{"rendered":"https:\/\/www.apartments-vrenjak.com\/o-piskotkih\/"},"modified":"2019-03-06T12:08:52","modified_gmt":"2019-03-06T11:08:52","slug":"o-piskotkih","status":"publish","type":"page","link":"https:\/\/www.apartments-vrenjak.com\/de\/o-piskotkih\/","title":{"rendered":"O pi\u0161kotkih"},"content":{"rendered":"<p>[vc_row row_type=&#8220;row&#8220; use_row_as_full_screen_section=&#8220;no&#8220; type=&#8220;grid&#8220; angled_section=&#8220;no&#8220; text_align=&#8220;left&#8220; background_image_as_pattern=&#8220;without_pattern&#8220; css_animation=&#8220;&#8220;][vc_column][vc_column_text]<\/p>\n<p style=\"text-align: center;\"><strong>Pravna podlaga<\/strong><\/p>\n<p>&nbsp;<\/p>\n<p>Podlaga za sporo\u010dilo je spremenjeni Zakon o elektronskih komunikacijah (Uradni list \u0161t. 109\/2012; v nadaljevanju ZEKom-1), ki je za\u010del veljati v za\u010detku leta 2013, je prinesel nova pravila glede uporabe pi\u0161kotkov in podobnih tehnologij za shranjevanje informacij ali dostop do informacij, shranjenih na ra\u010dunalniku ali mobilni napravi uporabnika.<\/p>\n<p>&nbsp;<\/p>\n<p><strong>Kaj so pi\u0161kotki?<\/strong><\/p>\n<p>&nbsp;<\/p>\n<p>Pi\u0161kotki so majhne datoteke, ki jih ve\u010dina spletnih mest uporablja za prepoznavanje naprav. So temeljnega pomena za delovanje spletnih strani, najve\u010dkrat z namenom, da je uporabnikova izku\u0161nja bolj\u0161a in tako spletna stran uporabniku prijaznej\u0161a. Interakcija med uporabnikom in spletno stranjo je s pomo\u010djo pi\u0161kotkov hitrej\u0161a in enostavnej\u0161a, samo brskanje po spletnih straneh pa s tem bolj u\u010dinkovito in prijetno.<\/p>\n<p>&nbsp;<\/p>\n<p>Shranjevanje pi\u0161kotkov na ra\u010dunalnik uporabnika je pod popolnim nadzorom brskalnika, ki ga uporabnik uporablja. Ta lahko shranjevanje pi\u0161kotkov po \u017eelji omeji ali onemogo\u010di. Pi\u0161kotke uporablja ve\u010dina spletnih strani. Razlogov za uporabo pi\u0161kotkov je ve\u010d, med njimi pomagajo pri izvajanju spletnih storitev (spletne trgovine), pomagajo pri zbiranju statisti\u010dnih podatkov o navadah uporabnika, ter pomagajo pri prilagoditvah posamezne spletne strani. Podjetja lahko s pomo\u010djo pi\u0161kotkov ocenijo u\u010dinkovitost svojih spletnih strani, kot tudi ustreznost informacij, ki jih ponujajo svojim uporabnikom.<\/p>\n<p>&nbsp;<\/p>\n<p>Pi\u0161kotki, ki jih uporabljamo na tej strani sledijo smernicam:<br \/>\n\u2022 <a href=\"https:\/\/www.ip-rs.si\/fileadmin\/user_upload\/Pdf\/smernice\/Smernice_o_uporabi_piskotkov.pdf\">Informacijske poobla\u0161\u010denke RS<\/a><br \/>\n\u2022 <a href=\"http:\/\/www.international-chamber.co.uk\/components\/com_wordpress\/wp\/wp-content\/uploads\/2012\/04\/icc_uk_cookie_guide.pdf\">Mednarodne gospodarske zbornice<\/a><\/p>\n<p>&nbsp;<\/p>\n<p><strong>Poznamo ve\u010d vrst pi\u0161kotkov:<\/strong><\/p>\n<p>&nbsp;<\/p>\n<p><strong>1. Nujno potrebni pi\u0161kotki<\/strong><br \/>\nTovrstni pi\u0161kotki omogo\u010dajo uporabo nujno potrebnih komponent za pravilno delovanje spletne strani. Brez teh pi\u0161kotov servisi, ki jih \u017eelite uporabljati na tej spletni strani, ne bi delovali pravilno (npr. prijava, nakupni proces, varnosti\u2026).<br \/>\n<strong>2. Izkustveni pi\u0161kotki<\/strong><br \/>\nTovrstni pi\u0161kotki zbirajo podatke, kako se uporabniki vedejo na spletni strani z namenom izbolj\u0161anja izkustvene komponente spletne strani (npr. katere dele spletne strani obiskujejo najpogosteje\u2026). Ti pi\u0161kotki ne zbirajo informacij, preko katerih bi lahko identificirali uporabnika.<br \/>\n<strong>3. Funkcionalni pi\u0161kotki<\/strong><br \/>\nTovrstni pi\u0161kotki omogo\u010dajo spletni strani, da si zapomni nekatere va\u0161e nastavitve in izbire (uporabni\u0161ko ime, jezik, regijo\u2026) in zagotavlja napredne, personalizirane funkcije. Tovrstni pi\u0161kotki lahko omogo\u010dajo sledenje va\u0161im akcijam na spletni strani.<br \/>\n<strong>4. Oglasni ali ciljani pi\u0161kotki<\/strong><br \/>\nTovrstne pi\u0161kotke najpogosteje uporabljajo ogla\u0161evalska in dru\u017eabna omre\u017eja (tretje strani) z namenom, da vam prika\u017eejo bolj ciljane oglase, omejujejo ponavljanje oglasov ali merijo u\u010dinkovitost ogla\u0161evalskih akcij. Tovrstni pi\u0161kotki lahko omogo\u010dajo sledenje va\u0161im akcijam na spletu.<\/p>\n<p>&nbsp;<\/p>\n<p><strong>Na na\u0161ih spletnih straneh uporabljamo naslednje pi\u0161kotke:<\/strong><\/p>\n<p>&nbsp;<\/p>\n<table cellspacing=\"0\" cellpadding=\"0\">\n<tbody>\n<tr>\n<td style=\"text-align: left;\" valign=\"top\"><strong>Ime pi\u0161kotka<\/strong><\/td>\n<td style=\"text-align: left;\" valign=\"top\"><strong>Namen<\/strong><\/td>\n<td style=\"text-align: left;\" valign=\"top\"><strong>Trajanje<\/strong><\/td>\n<td valign=\"top\">\n<p style=\"text-align: left;\"><strong>Upravljalec<\/strong><\/p>\n<\/td>\n<\/tr>\n<tr>\n<td valign=\"top\">\n<p style=\"text-align: left;\">wp-settings-time-1<\/p>\n<\/td>\n<td style=\"text-align: left;\" valign=\"top\">Pi\u0161kotek prilagodi pogled strani.<\/td>\n<td style=\"text-align: left;\" valign=\"top\">1 leto<\/td>\n<td valign=\"top\">\n<p style=\"text-align: left;\">Upravljalec spletnega mesta<\/p>\n<\/td>\n<\/tr>\n<tr>\n<td valign=\"top\">\n<p style=\"text-align: left;\">wp-settings-1<\/p>\n<\/td>\n<td style=\"text-align: left;\" valign=\"top\">Pi\u0161kotek prilagodi pogled strani.<\/td>\n<td style=\"text-align: left;\" valign=\"top\">1 leto<\/td>\n<td valign=\"top\">\n<p style=\"text-align: left;\">Upravljalec spletnega mesta<\/p>\n<\/td>\n<\/tr>\n<tr>\n<td valign=\"top\"><\/td>\n<td style=\"text-align: left;\" valign=\"top\"><\/td>\n<td style=\"text-align: left;\" valign=\"top\"><\/td>\n<td valign=\"top\"><\/td>\n<\/tr>\n<tr>\n<td valign=\"top\"><\/td>\n<td style=\"text-align: left;\" valign=\"top\"><\/td>\n<td style=\"text-align: left;\" valign=\"top\"><\/td>\n<td valign=\"top\"><\/td>\n<\/tr>\n<tr>\n<td valign=\"top\">\n<p style=\"text-align: left;\">wordpress_test_cookie<\/p>\n<\/td>\n<td style=\"text-align: left;\" valign=\"top\">Pi\u0161kotek, ki ugotovi ali lahko va\u0161 brskalnik sprejme pi\u0161kotke.<\/td>\n<td style=\"text-align: left;\" valign=\"top\">trajanje seje<\/td>\n<td valign=\"top\">\n<p style=\"text-align: left;\">Upravljalec spletnega mesta<\/p>\n<\/td>\n<\/tr>\n<tr>\n<td valign=\"top\">\n<p style=\"text-align: left;\">cookie_notice_accepted<\/p>\n<\/td>\n<td style=\"text-align: left;\" valign=\"top\">Pi\u0161kotek potreben za pravilno delovanje obvestila o pi\u0161kotkih.<\/td>\n<td style=\"text-align: left;\" valign=\"top\">1 mesec<\/td>\n<td valign=\"top\">\n<p style=\"text-align: left;\">Upravljalec spletnega mesta<\/p>\n<\/td>\n<\/tr>\n<tr>\n<td valign=\"top\">\n<p style=\"text-align: left;\">_icl_current_language<\/p>\n<\/td>\n<td style=\"text-align: left;\" valign=\"top\">Pi\u0161kotek za izbiro jezika.<\/td>\n<td style=\"text-align: left;\" valign=\"top\">1 dan<\/td>\n<td valign=\"top\">\n<p style=\"text-align: left;\">Upravljalec spletnega mesta<\/p>\n<\/td>\n<\/tr>\n<tr>\n<td valign=\"top\">\n<p style=\"text-align: left;\">_utmz<\/p>\n<\/td>\n<td style=\"text-align: left;\" valign=\"top\">Pi\u0161kotek se uporablja za spremljanje statistike obiskanosti in analitiko. Ne vsebuje osebnih informacij uporabnika. Ve\u010d informacij: <a href=\"http:\/\/www.google.com\/analytics\/learn\/privacy.html\">http:\/\/www.google.com\/analytics\/learn\/privacy.html<\/a><\/td>\n<td style=\"text-align: left;\" valign=\"top\">6 mesecev<\/td>\n<td valign=\"top\">\n<p style=\"text-align: left;\">1. Upravljalec spletnega mesta<\/p>\n<p style=\"text-align: left;\">2. Google Inc.<\/p>\n<\/td>\n<\/tr>\n<tr>\n<td valign=\"top\">\n<p style=\"text-align: left;\">_utmt<\/p>\n<\/td>\n<td style=\"text-align: left;\" valign=\"top\">Pi\u0161kotek se uporablja za spremljanje statistike obiskanosti in analitiko. Ne vsebuje osebnih informacij uporabnika. Ve\u010d informacij: <a href=\"http:\/\/www.google.com\/analytics\/learn\/privacy.html\">http:\/\/www.google.com\/analytics\/learn\/privacy.html<\/a><\/td>\n<td style=\"text-align: left;\" valign=\"top\">10 min<\/td>\n<td valign=\"top\">\n<p style=\"text-align: left;\">1. Upravljalec spletnega mesta<\/p>\n<p style=\"text-align: left;\">2. Google Inc.<\/p>\n<\/td>\n<\/tr>\n<tr>\n<td valign=\"top\">\n<p style=\"text-align: left;\">_utmc<\/p>\n<\/td>\n<td style=\"text-align: left;\" valign=\"top\">Pi\u0161kotek se uporablja za spremljanje statistike obiskanosti in analitiko. Ne vsebuje osebnih informacij uporabnika. Ve\u010d informacij: <a href=\"http:\/\/www.google.com\/analytics\/learn\/privacy.html\">http:\/\/www.google.com\/analytics\/learn\/privacy.html<\/a><\/td>\n<td style=\"text-align: left;\" valign=\"top\">trenutna seja<\/td>\n<td valign=\"top\">\n<p style=\"text-align: left;\">1. Upravljalec spletnega mesta<\/p>\n<p style=\"text-align: left;\">2. Google Inc.<\/p>\n<\/td>\n<\/tr>\n<tr>\n<td valign=\"top\">\n<p style=\"text-align: left;\">_utmb<\/p>\n<\/td>\n<td style=\"text-align: left;\" valign=\"top\">Pi\u0161kotek se uporablja za spremljanje statistike obiskanosti in analitiko. Ne vsebuje osebnih informacij uporabnika. Ve\u010d informacij: <a href=\"http:\/\/www.google.com\/analytics\/learn\/privacy.html\">http:\/\/www.google.com\/analytics\/learn\/privacy.html<\/a><\/td>\n<td style=\"text-align: left;\" valign=\"top\">30 min<\/td>\n<td valign=\"top\">\n<p style=\"text-align: left;\">1. Upravljalec spletnega mesta<\/p>\n<p style=\"text-align: left;\">2. Google Inc.<\/p>\n<\/td>\n<\/tr>\n<tr>\n<td valign=\"top\">\n<p style=\"text-align: left;\">_utma<\/p>\n<\/td>\n<td style=\"text-align: left;\" valign=\"top\">Pi\u0161kotek se uporablja za spremljanje statistike obiskanosti in analitiko. Ne vsebuje osebnih informacij uporabnika. Ve\u010d informacij: <a href=\"http:\/\/www.google.com\/analytics\/learn\/privacy.html\">http:\/\/www.google.com\/analytics\/learn\/privacy.html<\/a><\/td>\n<td style=\"text-align: left;\" valign=\"top\">2 leti<\/td>\n<td valign=\"top\">\n<p style=\"text-align: left;\">1. Upravljalec spletnega mesta<\/p>\n<p style=\"text-align: left;\">2. Google Inc.<\/p>\n<\/td>\n<\/tr>\n<\/tbody>\n<\/table>\n<p>&nbsp;<\/p>\n<p><strong>Upravljalec spletne strani in pi\u0161kotkov:<\/strong><br \/>\nApartments Vrenjak<\/p>\n<p>Koprska ulica 10, 6320 Portoro\u017e<\/p>\n<p>&nbsp;<\/p>\n<p>[\/vc_column_text][\/vc_column][\/vc_row]<\/p>\n","protected":false},"excerpt":{"rendered":"<p>[vc_row row_type=&#8220;row&#8220; use_row_as_full_screen_section=&#8220;no&#8220; type=&#8220;grid&#8220; angled_section=&#8220;no&#8220; text_align=&#8220;left&#8220; background_image_as_pattern=&#8220;without_pattern&#8220; css_animation=&#8220;&#8220;][vc_column][vc_column_text] Pravna podlaga &nbsp; Podlaga za sporo\u010dilo je spremenjeni Zakon o elektronskih komunikacijah (Uradni list \u0161t. 109\/2012; v nadaljevanju ZEKom-1), ki je za\u010del veljati v za\u010detku leta 2013, je prinesel nova pravila glede uporabe pi\u0161kotkov in podobnih tehnologij<\/p>\n","protected":false},"author":1,"featured_media":0,"parent":0,"menu_order":0,"comment_status":"closed","ping_status":"closed","template":"","meta":[],"_links":{"self":[{"href":"https:\/\/www.apartments-vrenjak.com\/de\/wp-json\/wp\/v2\/pages\/2132"}],"collection":[{"href":"https:\/\/www.apartments-vrenjak.com\/de\/wp-json\/wp\/v2\/pages"}],"about":[{"href":"https:\/\/www.apartments-vrenjak.com\/de\/wp-json\/wp\/v2\/types\/page"}],"author":[{"embeddable":true,"href":"https:\/\/www.apartments-vrenjak.com\/de\/wp-json\/wp\/v2\/users\/1"}],"replies":[{"embeddable":true,"href":"https:\/\/www.apartments-vrenjak.com\/de\/wp-json\/wp\/v2\/comments?post=2132"}],"version-history":[{"count":0,"href":"https:\/\/www.apartments-vrenjak.com\/de\/wp-json\/wp\/v2\/pages\/2132\/revisions"}],"wp:attachment":[{"href":"https:\/\/www.apartments-vrenjak.com\/de\/wp-json\/wp\/v2\/media?parent=2132"}],"curies":[{"name":"wp","href":"https:\/\/api.w.org\/{rel}","templated":true}]}}