{"id":2088,"date":"2019-03-01T19:14:36","date_gmt":"2019-03-01T19:14:36","guid":{"rendered":"https:\/\/www.apartments-vrenjak.com\/2019\/home\/"},"modified":"2019-03-06T10:12:38","modified_gmt":"2019-03-06T10:12:38","slug":"home","status":"publish","type":"page","link":"https:\/\/www.apartments-vrenjak.com\/de\/","title":{"rendered":"Home"},"content":{"rendered":"<p>[vc_row css_animation=&#8220;&#8220; row_type=&#8220;row&#8220; use_row_as_full_screen_section=&#8220;no&#8220; type=&#8220;grid&#8220; angled_section=&#8220;no&#8220; text_align=&#8220;left&#8220; background_image_as_pattern=&#8220;without_pattern&#8220; padding_top=&#8220;80&#8243; padding_bottom=&#8220;40&#8243; z_index=&#8220;&#8220; el_id=&#8220;uber-uns&#8220;][vc_column][vc_column_text]<\/p>\n<h1>\u00dcBER UNS<\/h1>\n<p>[\/vc_column_text][vc_separator type=&#8220;small&#8220; position=&#8220;left&#8220; color=&#8220;#d8318a&#8220; thickness=&#8220;2&#8243; width=&#8220;100&#8243; up=&#8220;50&#8243; down=&#8220;50&#8243;][vc_column_text]Die Appartements Vrenjak befinden sich auf dem sch\u00f6nsten Aussichtspunkt des H\u00fcgels Portoro\u017e. Unter diesem H\u00fcgel verbreitet sich die Aussicht auf die Stadt Portoro\u017e mit\u00a0 Blick auf das Meer. Trotzdem befindet sich die Stadt entfernt genug vom Stadtl\u00e4rm und versichert ihnen so eine ruhige Erholung, ist jedoch dem Zentrum von Portoro\u017e nahe genug (10 Minuten zu Fu\u00df), so dass Ihnen an der slowenischen K\u00fcste neben Sandstr\u00e4nden, Baden und Sonnen auch andere Freuden des Sommers und verschiedene Unterhaltungen geboten werden.<\/p>\n<p>&nbsp;<\/p>\n<p>Die Kultur der Stadt wird durch das ganze Jahr, haupts\u00e4chlich jedoch im Sommer, von Konzerten mit Unterhaltungsmusik und ernster klassicher Musik, Theaterveranstaltungen, viele andere Veranstaltungen, Sportveranstaltungen, gepr\u00e4gt. Die Stadt l\u00e4dt ein- zum Einkaufen in den Abendstunden bis zu Gl\u00fcckspielen in modernen Casinos von Portoro\u017e.<\/p>\n<p>&nbsp;<\/p>\n<p>Die Panoramafahrten mit Portoro\u017e-Booten laden sie zu einem unvergesslichem Ausflug entlang von Slowenisch und kroatisch- Istrien. In der N\u00e4he befinden sich auch die Therme \u00a0Portoro\u017e mit einem Wellness Zentrum, wo sie ausruhen k\u00f6nnen und auf die t\u00e4glichen Sorgen vergessen werden.<\/p>\n<p>&nbsp;<\/p>\n<p>Kommen Sie zu uns und vergewissern Sie sich.<\/p>\n<p>[\/vc_column_text][vc_separator type=&#8220;transparent&#8220; up=&#8220;30&#8243;][vc_gallery type=&#8220;image_grid&#8220; images=&#8220;7,8,12,22,29,24,19,21,20,15,11,18&#8243; img_size=&#8220;500X400&#8243; column_number=&#8220;4&#8243; grayscale=&#8220;no&#8220; images_space=&#8220;gallery_without_space&#8220;][\/vc_column][\/vc_row][vc_row css_animation=&#8220;&#8220; row_type=&#8220;row&#8220; use_row_as_full_screen_section=&#8220;no&#8220; type=&#8220;grid&#8220; angled_section=&#8220;no&#8220; text_align=&#8220;left&#8220; background_image_as_pattern=&#8220;without_pattern&#8220; padding_top=&#8220;40&#8243; padding_bottom=&#8220;40&#8243; z_index=&#8220;&#8220; el_id=&#8220;appartements&#8220;][vc_column][vc_column_text]<\/p>\n<h1>APPARTEMENTS<\/h1>\n<p>[\/vc_column_text][vc_separator type=&#8220;small&#8220; position=&#8220;left&#8220; color=&#8220;#d8318a&#8220; thickness=&#8220;2&#8243; width=&#8220;100&#8243; up=&#8220;50&#8243; down=&#8220;50&#8243;][vc_column_text] In modern ausgestatteten Apartments, umgeben mit gepflegtem Garten voller typische Pflanzen aus dem Mediterran und einem gro\u00dfen Parkplatz, werden Sie nichts vermissen. [\/vc_column_text][vc_separator type=&#8220;transparent&#8220; up=&#8220;30&#8243;][vc_row_inner row_type=&#8220;row&#8220; type=&#8220;full_width&#8220; text_align=&#8220;left&#8220; css_animation=&#8220;&#8220;][vc_column_inner width=&#8220;1\/3&#8243; url=&#8220;url:https%3A%2F%2Fwww.apartments-vrenjak.com%2Fde%2Fapp1|||&#8220;][vc_column_text]<\/p>\n<h2 style=\"text-align: center;\"><span style=\"color: #000000;\">APPARTEMENT 1<\/span><\/h2>\n<p>[\/vc_column_text][vc_separator type=&#8220;transparent&#8220; up=&#8220;15&#8243;][vc_hoverbox image=&#8220;25&#8243; primary_title=&#8220;&#8220; primary_title_font_container=&#8220;color:%23000000&#8243; primary_title_use_theme_fonts=&#8220;yes&#8220; hover_title=&#8220;&#8220; hover_title_font_container=&#8220;color:%23ffffff&#8220; hover_title_use_theme_fonts=&#8220;yes&#8220; shape=&#8220;square&#8220; hover_background_color=&#8220;custom&#8220; primary_title_link=&#8220;|||&#8220; hover_custom_background=&#8220;#d8318a&#8220; hover_title_link=&#8220;|||&#8220;]<span style=\"color: #ffffff;\">Appartement mit 2 Schlafzimmern, Terrasse und Meerblick<\/span>[\/vc_hoverbox][vc_separator type=&#8220;transparent&#8220; up=&#8220;30&#8243;][\/vc_column_inner][vc_column_inner width=&#8220;1\/3&#8243; url=&#8220;url:https%3A%2F%2Fwww.apartments-vrenjak.com%2Fde%2Fapp2|||&#8220;][vc_column_text]<\/p>\n<h2 style=\"text-align: center;\"><span style=\"color: #000000;\">APPARTEMENT<\/span><span style=\"color: #000000;\"> 2<\/span><\/h2>\n<p>[\/vc_column_text][vc_separator type=&#8220;transparent&#8220; up=&#8220;15&#8243;][vc_hoverbox image=&#8220;31&#8243; primary_title=&#8220;&#8220; primary_title_font_container=&#8220;color:%23333333&#8243; primary_title_use_theme_fonts=&#8220;yes&#8220; hover_title=&#8220;&#8220; hover_title_font_container=&#8220;color:%23ffffff&#8220; hover_title_use_theme_fonts=&#8220;yes&#8220; shape=&#8220;square&#8220; hover_background_color=&#8220;custom&#8220; primary_title_link=&#8220;|||&#8220; hover_custom_background=&#8220;#d8318a&#8220; hover_title_link=&#8220;|||&#8220;]<span style=\"color: #ffffff;\">Appartement<\/span><span style=\"color: #ffffff;\">\u00a0mit 2 Schlafzimmern und Balkon mit Meerblick<\/span>[\/vc_hoverbox][vc_separator type=&#8220;transparent&#8220; up=&#8220;30&#8243;][\/vc_column_inner][vc_column_inner width=&#8220;1\/3&#8243; url=&#8220;url:https%3A%2F%2Fwww.apartments-vrenjak.com%2Fde%2Fapp3|||&#8220;][vc_column_text]<\/p>\n<h2 style=\"text-align: center;\"><span style=\"color: #000000;\">APPARTEMENT<\/span><span style=\"color: #000000;\"> 3<\/span><\/h2>\n<p>[\/vc_column_text][vc_separator type=&#8220;transparent&#8220; up=&#8220;15&#8243;][vc_hoverbox image=&#8220;45&#8243; primary_title=&#8220;&#8220; primary_title_font_container=&#8220;color:%23333333&#8243; primary_title_use_theme_fonts=&#8220;yes&#8220; hover_title=&#8220;&#8220; hover_title_font_container=&#8220;color:%23ffffff&#8220; hover_title_use_theme_fonts=&#8220;yes&#8220; shape=&#8220;square&#8220; hover_background_color=&#8220;custom&#8220; primary_title_link=&#8220;|||&#8220; hover_custom_background=&#8220;#d8318a&#8220; hover_title_link=&#8220;|||&#8220;]<span style=\"color: #ffffff;\">Appartement<\/span><span style=\"color: #ffffff;\">\u00a0mit 2 Schlafzimmern und Balkon<\/span>[\/vc_hoverbox][vc_separator type=&#8220;transparent&#8220; up=&#8220;30&#8243;][\/vc_column_inner][\/vc_row_inner][\/vc_column][\/vc_row][vc_row css_animation=&#8220;&#8220; row_type=&#8220;row&#8220; use_row_as_full_screen_section=&#8220;no&#8220; type=&#8220;grid&#8220; angled_section=&#8220;no&#8220; text_align=&#8220;left&#8220; background_image_as_pattern=&#8220;without_pattern&#8220; padding_top=&#8220;60&#8243; padding_bottom=&#8220;80&#8243; z_index=&#8220;&#8220; el_id=&#8220;kontakt&#8220;][vc_column][vc_row_inner row_type=&#8220;row&#8220; type=&#8220;full_width&#8220; text_align=&#8220;left&#8220; css_animation=&#8220;&#8220;][vc_column_inner width=&#8220;1\/4&#8243;][vc_column_text]<\/p>\n<h1>KONTAKT<\/h1>\n<p>[\/vc_column_text][vc_separator type=&#8220;small&#8220; position=&#8220;left&#8220; color=&#8220;#d8318a&#8220; thickness=&#8220;2&#8243; width=&#8220;100&#8243; up=&#8220;50&#8243; down=&#8220;50&#8243;][\/vc_column_inner][vc_column_inner width=&#8220;1\/4&#8243;]<span data-type=\"normal\" data-hover-icon-color=\"#d8318a\" class=\"qode_icon_shortcode  q_font_awsome_icon fa-3x pull-center q_icon_animation\" style=\" \"><i class=\"qode_icon_font_awesome fa fa-map-marker qode_icon_element\" style=\"color: #d8318a;\" ><\/i><\/span>[vc_separator type=&#8220;transparent&#8220; up=&#8220;30&#8243;][vc_column_text]<\/p>\n<p class=\"p1\" style=\"text-align: center;\">Koprska ulica 10<\/p>\n<p class=\"p1\" style=\"text-align: center;\">6320 Portoro\u017e-Portorose<\/p>\n<p style=\"text-align: center;\">Slovenia, EU<\/p>\n<p>[\/vc_column_text][vc_separator type=&#8220;transparent&#8220; up=&#8220;30&#8243;][\/vc_column_inner][vc_column_inner width=&#8220;1\/4&#8243;]<span data-type=\"normal\" data-hover-icon-color=\"#d8318a\" class=\"qode_icon_shortcode  q_font_awsome_icon fa-3x pull-center q_icon_animation\" style=\" \"><i class=\"qode_icon_font_awesome fa fa-phone qode_icon_element\" style=\"color: #d8318a;\" ><\/i><\/span>[vc_separator type=&#8220;transparent&#8220; up=&#8220;30&#8243;][vc_column_text]<\/p>\n<p class=\"p1\" style=\"text-align: center;\">00386 5 674 62 19<\/p>\n<p class=\"p1\" style=\"text-align: center;\">00386 41 740 018<\/p>\n<p>[\/vc_column_text][vc_separator type=&#8220;transparent&#8220; up=&#8220;30&#8243;][\/vc_column_inner][vc_column_inner width=&#8220;1\/4&#8243;]<span data-type=\"normal\" data-hover-icon-color=\"#d8318a\" class=\"qode_icon_shortcode  q_font_awsome_icon fa-3x pull-center q_icon_animation\" style=\" \"><i class=\"qode_icon_font_awesome fa fa-phone qode_icon_element\" style=\"color: #d8318a;\" ><\/i><\/span>[vc_separator type=&#8220;transparent&#8220; up=&#8220;30&#8243;][vc_column_text]<\/p>\n<p class=\"p1\" style=\"text-align: center;\"><a href=\"mailto:info@apartments-vrenjak.com\">info@apartments-vrenjak.com<\/a><\/p>\n<p>[\/vc_column_text][vc_separator type=&#8220;transparent&#8220; up=&#8220;30&#8243;][\/vc_column_inner][\/vc_row_inner][\/vc_column][\/vc_row][vc_row css_animation=&#8220;&#8220; row_type=&#8220;row&#8220; use_row_as_full_screen_section=&#8220;no&#8220; type=&#8220;full_width&#8220; angled_section=&#8220;no&#8220; text_align=&#8220;left&#8220; background_image_as_pattern=&#8220;without_pattern&#8220; z_index=&#8220;&#8220;][vc_column][vc_gmaps link=&#8220;#E-8_JTNDaWZyYW1lJTIwc3JjJTNEJTIyaHR0cHMlM0ElMkYlMkZ3d3cuZ29vZ2xlLmNvbSUyRm1hcHMlMkZlbWJlZCUzRnBiJTNEJTIxMW0xOCUyMTFtMTIlMjExbTMlMjExZDI3OTUuNjY0MDM4MTE4MzQ2NSUyMTJkMTMuNTk0NTYxOTUwODUyNjExJTIxM2Q0NS41MTY4NDEyNzg5OTkwNDYlMjEybTMlMjExZjAlMjEyZjAlMjEzZjAlMjEzbTIlMjExaTEwMjQlMjEyaTc2OCUyMTRmMTMuMSUyMTNtMyUyMTFtMiUyMTFzMHg0NzdiNjUyZjdmMjA2M2ZiJTI1M0EweGU4NzJhNmFiZTQ2OTc4NzIlMjEyc0FwYXJ0bWFqaSUyQi0lMkJBcGFydG1lbnRzJTJCVnJlbmphayUyMTVlMCUyMTNtMiUyMTFzZW4lMjEyc3NpJTIxNHYxNTUxNDc0MDEwOTgxJTIyJTIwd2lkdGglM0QlMjI2MDAlMjIlMjBoZWlnaHQlM0QlMjI0NTAlMjIlMjBmcmFtZWJvcmRlciUzRCUyMjAlMjIlMjBzdHlsZSUzRCUyMmJvcmRlciUzQTAlMjIlMjBhbGxvd2Z1bGxzY3JlZW4lM0UlM0MlMkZpZnJhbWUlM0U=&#8220;][\/vc_column][\/vc_row]<\/p>\n","protected":false},"excerpt":{"rendered":"<p>[vc_row css_animation=&#8220;&#8220; row_type=&#8220;row&#8220; use_row_as_full_screen_section=&#8220;no&#8220; type=&#8220;grid&#8220; angled_section=&#8220;no&#8220; text_align=&#8220;left&#8220; background_image_as_pattern=&#8220;without_pattern&#8220; padding_top=&#8220;80&#8243; padding_bottom=&#8220;40&#8243; z_index=&#8220;&#8220; el_id=&#8220;uber-uns&#8220;][vc_column][vc_column_text] \u00dcBER UNS [\/vc_column_text][vc_separator type=&#8220;small&#8220; position=&#8220;left&#8220; color=&#8220;#d8318a&#8220; thickness=&#8220;2&#8243; width=&#8220;100&#8243; up=&#8220;50&#8243; down=&#8220;50&#8243;][vc_column_text]Die Appartements Vrenjak befinden sich auf dem sch\u00f6nsten Aussichtspunkt des H\u00fcgels Portoro\u017e. Unter diesem H\u00fcgel verbreitet sich die Aussicht auf die Stadt Portoro\u017e mit\u00a0<\/p>\n","protected":false},"author":1,"featured_media":0,"parent":0,"menu_order":0,"comment_status":"closed","ping_status":"open","template":"full_width.php","meta":[],"_links":{"self":[{"href":"https:\/\/www.apartments-vrenjak.com\/de\/wp-json\/wp\/v2\/pages\/2088"}],"collection":[{"href":"https:\/\/www.apartments-vrenjak.com\/de\/wp-json\/wp\/v2\/pages"}],"about":[{"href":"https:\/\/www.apartments-vrenjak.com\/de\/wp-json\/wp\/v2\/types\/page"}],"author":[{"embeddable":true,"href":"https:\/\/www.apartments-vrenjak.com\/de\/wp-json\/wp\/v2\/users\/1"}],"replies":[{"embeddable":true,"href":"https:\/\/www.apartments-vrenjak.com\/de\/wp-json\/wp\/v2\/comments?post=2088"}],"version-history":[{"count":3,"href":"https:\/\/www.apartments-vrenjak.com\/de\/wp-json\/wp\/v2\/pages\/2088\/revisions"}],"predecessor-version":[{"id":2092,"href":"https:\/\/www.apartments-vrenjak.com\/de\/wp-json\/wp\/v2\/pages\/2088\/revisions\/2092"}],"wp:attachment":[{"href":"https:\/\/www.apartments-vrenjak.com\/de\/wp-json\/wp\/v2\/media?parent=2088"}],"curies":[{"name":"wp","href":"https:\/\/api.w.org\/{rel}","templated":true}]}}